{"id":1909,"date":"2021-09-02T13:51:09","date_gmt":"2021-09-02T11:51:09","guid":{"rendered":"https:\/\/community.swyp.fr\/?page_id=1909"},"modified":"2021-09-06T13:59:52","modified_gmt":"2021-09-06T11:59:52","slug":"contact-us","status":"publish","type":"page","link":"https:\/\/community.swyp.fr\/index.php\/en\/contact-us\/","title":{"rendered":"Contact us"},"content":{"rendered":"\t\t<div data-elementor-type=\"wp-page\" data-elementor-id=\"1909\" class=\"elementor elementor-1909\">\n\t\t\t\t\t\t<section class=\"ob-is-breaking-bad elementor-section elementor-top-section elementor-element elementor-element-d320133 elementor-section-full_width elementor-section-height-min-height elementor-section-stretched section_intro elementor-section-height-default elementor-section-items-middle\" data-id=\"d320133\" data-element_type=\"section\" data-e-type=\"section\" data-settings=\"{&quot;stretch_section&quot;:&quot;section-stretched&quot;,&quot;background_background&quot;:&quot;classic&quot;,&quot;_ob_bbad_use_it&quot;:&quot;yes&quot;,&quot;_ob_bbad_sssic_use&quot;:&quot;no&quot;,&quot;_ob_glider_is_slider&quot;:&quot;no&quot;}\">\n\t\t\t\t\t\t\t<div class=\"elementor-background-overlay\"><\/div>\n\t\t\t\t\t\t\t<div class=\"elementor-container elementor-column-gap-default\">\n\t\t\t\t\t<div class=\"elementor-column elementor-col-100 elementor-top-column elementor-element elementor-element-0391979 elementor-invisible\" data-id=\"0391979\" data-element_type=\"column\" data-e-type=\"column\" data-settings=\"{&quot;animation&quot;:&quot;fadeInUp&quot;,&quot;_ob_bbad_is_stalker&quot;:&quot;no&quot;,&quot;_ob_teleporter_use&quot;:false,&quot;_ob_column_hoveranimator&quot;:&quot;no&quot;,&quot;_ob_column_has_pseudo&quot;:&quot;no&quot;}\">\n\t\t\t<div class=\"elementor-widget-wrap elementor-element-populated\">\n\t\t\t\t\t\t<div class=\"elementor-element elementor-element-85a79aa ob-has-background-overlay elementor-widget elementor-widget-theme-page-title\" data-id=\"85a79aa\" data-element_type=\"widget\" data-e-type=\"widget\" data-settings=\"{&quot;_ob_perspektive_use&quot;:&quot;no&quot;,&quot;_ob_poopart_use&quot;:&quot;yes&quot;,&quot;_ob_shadough_use&quot;:&quot;no&quot;,&quot;_ob_allow_hoveranimator&quot;:&quot;no&quot;,&quot;_ob_widget_stalker_use&quot;:&quot;no&quot;}\" data-widget_type=\"theme-page-title.default\">\n\t\t\t\t<div class=\"elementor-widget-container\">\n\t\t\t\t\t \t\t\t\t<\/div>\n\t\t\t\t<\/div>\n\t\t\t\t\t<\/div>\n\t\t<\/div>\n\t\t\t\t\t<\/div>\n\t\t<\/section>\n\t\t\t\t<\/div>\n\t\t","protected":false},"excerpt":{"rendered":"","protected":false},"author":1,"featured_media":0,"parent":0,"menu_order":0,"comment_status":"closed","ping_status":"closed","template":"","meta":{"om_disable_all_campaigns":false,"_monsterinsights_skip_tracking":false,"_monsterinsights_sitenote_active":false,"_monsterinsights_sitenote_note":"","_monsterinsights_sitenote_category":0,"footnotes":""},"class_list":["post-1909","page","type-page","status-publish","hentry"],"yoast_head":"<!-- This site is optimized with the Yoast SEO plugin v27.2 - https:\/\/yoast.com\/product\/yoast-seo-wordpress\/ -->\n<title>Contact us - SWYP<\/title>\n<meta name=\"robots\" content=\"index, follow, max-snippet:-1, max-image-preview:large, max-video-preview:-1\" \/>\n<link rel=\"canonical\" href=\"https:\/\/community.swyp.fr\/index.php\/en\/contact-us\/\" \/>\n<meta property=\"og:locale\" content=\"fr_FR\" \/>\n<meta property=\"og:type\" content=\"article\" \/>\n<meta property=\"og:title\" content=\"Contact us - SWYP\" \/>\n<meta property=\"og:url\" content=\"https:\/\/community.swyp.fr\/index.php\/en\/contact-us\/\" \/>\n<meta property=\"og:site_name\" content=\"SWYP\" \/>\n<meta property=\"article:modified_time\" content=\"2021-09-06T11:59:52+00:00\" \/>\n<meta name=\"twitter:card\" content=\"summary_large_image\" \/>\n<script type=\"application\/ld+json\" class=\"yoast-schema-graph\">{\"@context\":\"https:\/\/schema.org\",\"@graph\":[{\"@type\":\"WebPage\",\"@id\":\"https:\/\/community.swyp.fr\/index.php\/en\/contact-us\/\",\"url\":\"https:\/\/community.swyp.fr\/index.php\/en\/contact-us\/\",\"name\":\"Contact us - SWYP\",\"isPartOf\":{\"@id\":\"https:\/\/community.swyp.fr\/#website\"},\"datePublished\":\"2021-09-02T11:51:09+00:00\",\"dateModified\":\"2021-09-06T11:59:52+00:00\",\"breadcrumb\":{\"@id\":\"https:\/\/community.swyp.fr\/index.php\/en\/contact-us\/#breadcrumb\"},\"inLanguage\":\"fr-FR\",\"potentialAction\":[{\"@type\":\"ReadAction\",\"target\":[\"https:\/\/community.swyp.fr\/index.php\/en\/contact-us\/\"]}]},{\"@type\":\"BreadcrumbList\",\"@id\":\"https:\/\/community.swyp.fr\/index.php\/en\/contact-us\/#breadcrumb\",\"itemListElement\":[{\"@type\":\"ListItem\",\"position\":1,\"name\":\"Accueil\",\"item\":\"https:\/\/community.swyp.fr\/\"},{\"@type\":\"ListItem\",\"position\":2,\"name\":\"Contact us\"}]},{\"@type\":\"WebSite\",\"@id\":\"https:\/\/community.swyp.fr\/#website\",\"url\":\"https:\/\/community.swyp.fr\/\",\"name\":\"SWYP\",\"description\":\"Leader fran\u00e7ais du syst\u00e8me \u00e9ditorial multi-canal en mode SAAS\",\"potentialAction\":[{\"@type\":\"SearchAction\",\"target\":{\"@type\":\"EntryPoint\",\"urlTemplate\":\"https:\/\/community.swyp.fr\/?s={search_term_string}\"},\"query-input\":{\"@type\":\"PropertyValueSpecification\",\"valueRequired\":true,\"valueName\":\"search_term_string\"}}],\"inLanguage\":\"fr-FR\"}]}<\/script>\n<!-- \/ Yoast SEO plugin. -->","yoast_head_json":{"title":"Contact us - SWYP","robots":{"index":"index","follow":"follow","max-snippet":"max-snippet:-1","max-image-preview":"max-image-preview:large","max-video-preview":"max-video-preview:-1"},"canonical":"https:\/\/community.swyp.fr\/index.php\/en\/contact-us\/","og_locale":"fr_FR","og_type":"article","og_title":"Contact us - SWYP","og_url":"https:\/\/community.swyp.fr\/index.php\/en\/contact-us\/","og_site_name":"SWYP","article_modified_time":"2021-09-06T11:59:52+00:00","twitter_card":"summary_large_image","schema":{"@context":"https:\/\/schema.org","@graph":[{"@type":"WebPage","@id":"https:\/\/community.swyp.fr\/index.php\/en\/contact-us\/","url":"https:\/\/community.swyp.fr\/index.php\/en\/contact-us\/","name":"Contact us - SWYP","isPartOf":{"@id":"https:\/\/community.swyp.fr\/#website"},"datePublished":"2021-09-02T11:51:09+00:00","dateModified":"2021-09-06T11:59:52+00:00","breadcrumb":{"@id":"https:\/\/community.swyp.fr\/index.php\/en\/contact-us\/#breadcrumb"},"inLanguage":"fr-FR","potentialAction":[{"@type":"ReadAction","target":["https:\/\/community.swyp.fr\/index.php\/en\/contact-us\/"]}]},{"@type":"BreadcrumbList","@id":"https:\/\/community.swyp.fr\/index.php\/en\/contact-us\/#breadcrumb","itemListElement":[{"@type":"ListItem","position":1,"name":"Accueil","item":"https:\/\/community.swyp.fr\/"},{"@type":"ListItem","position":2,"name":"Contact us"}]},{"@type":"WebSite","@id":"https:\/\/community.swyp.fr\/#website","url":"https:\/\/community.swyp.fr\/","name":"SWYP","description":"Leader fran\u00e7ais du syst\u00e8me \u00e9ditorial multi-canal en mode SAAS","potentialAction":[{"@type":"SearchAction","target":{"@type":"EntryPoint","urlTemplate":"https:\/\/community.swyp.fr\/?s={search_term_string}"},"query-input":{"@type":"PropertyValueSpecification","valueRequired":true,"valueName":"search_term_string"}}],"inLanguage":"fr-FR"}]}},"_links":{"self":[{"href":"https:\/\/community.swyp.fr\/index.php\/wp-json\/wp\/v2\/pages\/1909","targetHints":{"allow":["GET"]}}],"collection":[{"href":"https:\/\/community.swyp.fr\/index.php\/wp-json\/wp\/v2\/pages"}],"about":[{"href":"https:\/\/community.swyp.fr\/index.php\/wp-json\/wp\/v2\/types\/page"}],"author":[{"embeddable":true,"href":"https:\/\/community.swyp.fr\/index.php\/wp-json\/wp\/v2\/users\/1"}],"replies":[{"embeddable":true,"href":"https:\/\/community.swyp.fr\/index.php\/wp-json\/wp\/v2\/comments?post=1909"}],"version-history":[{"count":5,"href":"https:\/\/community.swyp.fr\/index.php\/wp-json\/wp\/v2\/pages\/1909\/revisions"}],"predecessor-version":[{"id":6314,"href":"https:\/\/community.swyp.fr\/index.php\/wp-json\/wp\/v2\/pages\/1909\/revisions\/6314"}],"wp:attachment":[{"href":"https:\/\/community.swyp.fr\/index.php\/wp-json\/wp\/v2\/media?parent=1909"}],"curies":[{"name":"wp","href":"https:\/\/api.w.org\/{rel}","templated":true}]}}