{"id":1894,"date":"2021-09-02T13:49:08","date_gmt":"2021-09-02T11:49:08","guid":{"rendered":"https:\/\/community.swyp.fr\/?page_id=1894"},"modified":"2021-09-06T13:54:51","modified_gmt":"2021-09-06T11:54:51","slug":"home","status":"publish","type":"page","link":"https:\/\/community.swyp.fr\/index.php\/en\/home\/","title":{"rendered":"Home"},"content":{"rendered":"\t\t<div data-elementor-type=\"wp-page\" data-elementor-id=\"1894\" class=\"elementor elementor-1894\">\n\t\t\t\t\t\t<section class=\"ob-is-breaking-bad elementor-section elementor-top-section elementor-element elementor-element-36c5283 elementor-section-content-middle elementor-section-boxed elementor-section-height-default elementor-section-height-default\" data-id=\"36c5283\" data-element_type=\"section\" data-e-type=\"section\" data-settings=\"{&quot;background_background&quot;:&quot;classic&quot;,&quot;_ob_bbad_use_it&quot;:&quot;yes&quot;,&quot;_ob_bbad_sssic_use&quot;:&quot;no&quot;}\">\n\t\t\t\t\t\t<div class=\"elementor-container elementor-column-gap-default\">\n\t\t\t\t\t<div class=\"elementor-column elementor-col-50 elementor-top-column elementor-element elementor-element-3b14054 col_text_interact elementor-invisible\" data-id=\"3b14054\" data-element_type=\"column\" data-e-type=\"column\" data-settings=\"{&quot;animation&quot;:&quot;fadeInLeft&quot;,&quot;_ob_bbad_is_stalker&quot;:&quot;no&quot;,&quot;_ob_teleporter_use&quot;:false,&quot;_ob_column_hoveranimator&quot;:&quot;no&quot;,&quot;_ob_column_has_pseudo&quot;:&quot;no&quot;}\">\n\t\t\t<div class=\"elementor-widget-wrap elementor-element-populated\">\n\t\t\t\t\t\t<div class=\"elementor-element elementor-element-7f4caab elementor-view-default ob-has-background-overlay elementor-widget elementor-widget-icon\" data-id=\"7f4caab\" data-element_type=\"widget\" data-e-type=\"widget\" data-settings=\"{&quot;_ob_perspektive_use&quot;:&quot;no&quot;,&quot;_ob_poopart_use&quot;:&quot;yes&quot;,&quot;_ob_shadough_use&quot;:&quot;no&quot;,&quot;_ob_allow_hoveranimator&quot;:&quot;no&quot;,&quot;_ob_widget_stalker_use&quot;:&quot;no&quot;}\" data-widget_type=\"icon.default\">\n\t\t\t\t<div class=\"elementor-widget-container\">\n\t\t\t\t\t\t\t<div class=\"elementor-icon-wrapper\">\n\t\t\t<div class=\"elementor-icon\">\n\t\t\t<svg xmlns=\"http:\/\/www.w3.org\/2000\/svg\" id=\"DESIGN\" viewBox=\"0 0 300 174.1\"><g><path d=\"M75.8,116.6l-11.3-6.4c-4.5-2.6-6.2-4.8-6.2-9.8V93.8c0-6,3.5-8.2,8.2-8.2s8.1,2.2,8.1,8.2v13.5H90.3V91.6c0-14.3-10.5-19.8-23.7-19.8h-.3c-13.2,0-23.7,5.5-23.7,19.8v12.7c0,10.1,5.4,14.5,14.8,19.8l11.1,6.4c4.8,2.6,6.4,5.1,6.4,10v7.6c0,5.9-3.5,8.5-8.3,8.5s-8.3-2.6-8.3-8.5V133.5H42.6v16.8c0,15,9.3,20.1,23.9,20.1h.2c14.6,0,23.9-5.2,23.9-20.1V136.4C90.6,126.1,85.1,121.8,75.8,116.6Z\" style=\"fill: #fff\"><\/path><polygon points=\"156.4 141.8 144 72.9 129.7 72.9 117.3 141.8 109.3 72.9 93.6 72.9 108.7 169.3 124.3 169.3 136.7 103.2 149.1 169.3 164.1 169.3 179.2 72.9 164.4 72.9 156.4 141.8\" style=\"fill: #fff\"><\/polygon><polygon points=\"209.3 117.7 198.5 72.9 181.7 72.9 201.1 135 201.1 169.3 217.1 169.3 217.1 135 236.5 72.9 220 72.9 209.3 117.7\" style=\"fill: #fff\"><\/polygon><path d=\"M267.2,72.9H242.3v96.4h16V132h8.9c14.6,0,24.2-5.8,24.2-20.4V93.3C291.4,78.7,281.8,72.9,267.2,72.9Zm8.3,36.2c0,6.9-3.6,8.8-8.8,8.8h-8.4V87h8.4c5.2,0,8.8,1.9,8.8,8.8Z\" style=\"fill: #fff\"><\/path><path d=\"M67.4,60.3a40.4,40.4,0,0,1,14,2.5l8.7-10.7H81.4V43.7a58.8,58.8,0,0,0-60.2,93.5l12-14.8a40.2,40.2,0,0,1-6.3-21.6A40.6,40.6,0,0,1,67.4,60.3Z\" style=\"fill: #fff\"><\/path><polygon points=\"104.8 47.9 104.8 27.7 84.7 27.7 84.7 38.2 84.7 44.6 84.7 47.9 93.1 47.9 95.3 47.9 104.8 47.9\" style=\"fill: #fff\"><\/polygon><rect x=\"109.3\" y=\"13.3\" width=\"11.3\" height=\"11.33\" style=\"fill: #fff\"><\/rect><rect x=\"70.4\" y=\"7.2\" width=\"15.9\" height=\"15.87\" style=\"fill: #fff\"><\/rect><rect x=\"123.9\" y=\"2.8\" width=\"7.8\" height=\"7.83\" style=\"fill: #fff\"><\/rect><\/g><\/svg>\t\t\t<\/div>\n\t\t<\/div>\n\t\t\t\t\t\t<\/div>\n\t\t\t\t<\/div>\n\t\t\t\t<div class=\"elementor-element elementor-element-79be46e ob-harakiri-inherit ob-has-background-overlay elementor-widget elementor-widget-heading\" data-id=\"79be46e\" data-element_type=\"widget\" data-e-type=\"widget\" data-settings=\"{&quot;_ob_use_harakiri&quot;:&quot;yes&quot;,&quot;_ob_harakiri_writing_mode&quot;:&quot;inherit&quot;,&quot;_ob_harakiri_text_clip&quot;:&quot;none&quot;,&quot;_ob_perspektive_use&quot;:&quot;no&quot;,&quot;_ob_poopart_use&quot;:&quot;yes&quot;,&quot;_ob_shadough_use&quot;:&quot;no&quot;,&quot;_ob_allow_hoveranimator&quot;:&quot;no&quot;,&quot;_ob_widget_stalker_use&quot;:&quot;no&quot;}\" data-widget_type=\"heading.default\">\n\t\t\t\t<div class=\"elementor-widget-container\">\n\t\t\t\t\t<h2 class=\"elementor-heading-title elementor-size-default\">English title<\/h2>\t\t\t\t<\/div>\n\t\t\t\t<\/div>\n\t\t\t\t<div class=\"elementor-element elementor-element-900deda ob-harakiri-inherit ob-has-background-overlay elementor-widget elementor-widget-text-editor\" data-id=\"900deda\" data-element_type=\"widget\" data-e-type=\"widget\" data-settings=\"{&quot;_ob_use_harakiri&quot;:&quot;yes&quot;,&quot;_ob_harakiri_writing_mode&quot;:&quot;inherit&quot;,&quot;_ob_postman_use&quot;:&quot;no&quot;,&quot;_ob_perspektive_use&quot;:&quot;no&quot;,&quot;_ob_poopart_use&quot;:&quot;yes&quot;,&quot;_ob_shadough_use&quot;:&quot;no&quot;,&quot;_ob_allow_hoveranimator&quot;:&quot;no&quot;,&quot;_ob_widget_stalker_use&quot;:&quot;no&quot;}\" data-widget_type=\"text-editor.default\">\n\t\t\t\t<div class=\"elementor-widget-container\">\n\t\t\t\t\t\t\t\t\t<p>Vous \u00eates \u00e9diteur dans la presse, la communication, l\u2019\u00e9dition\u2026 SWYP est la solution pour vous.<\/p>\t\t\t\t\t\t\t\t<\/div>\n\t\t\t\t<\/div>\n\t\t\t\t<div class=\"elementor-element elementor-element-fef02c2 icon_etape elementor-icon-list--layout-traditional elementor-list-item-link-full_width ob-has-background-overlay elementor-widget elementor-widget-icon-list\" data-id=\"fef02c2\" data-element_type=\"widget\" data-e-type=\"widget\" id=\"item1\" data-settings=\"{&quot;_ob_perspektive_use&quot;:&quot;no&quot;,&quot;_ob_poopart_use&quot;:&quot;yes&quot;,&quot;_ob_shadough_use&quot;:&quot;no&quot;,&quot;_ob_allow_hoveranimator&quot;:&quot;no&quot;,&quot;_ob_widget_stalker_use&quot;:&quot;no&quot;}\" data-widget_type=\"icon-list.default\">\n\t\t\t\t<div class=\"elementor-widget-container\">\n\t\t\t\t\t\t\t<ul class=\"elementor-icon-list-items\">\n\t\t\t\t\t\t\t<li class=\"elementor-icon-list-item\">\n\t\t\t\t\t\t\t\t\t\t\t<span class=\"elementor-icon-list-icon\">\n\t\t\t\t\t\t\t<i aria-hidden=\"true\" class=\"far fa-check-circle\"><\/i>\t\t\t\t\t\t<\/span>\n\t\t\t\t\t\t\t\t\t\t<span class=\"elementor-icon-list-text\">Optimisez votre production<\/span>\n\t\t\t\t\t\t\t\t\t<\/li>\n\t\t\t\t\t\t<\/ul>\n\t\t\t\t\t\t<\/div>\n\t\t\t\t<\/div>\n\t\t\t\t<div class=\"elementor-element elementor-element-f4307d3 icon_etape elementor-icon-list--layout-traditional elementor-list-item-link-full_width ob-has-background-overlay elementor-widget elementor-widget-icon-list\" data-id=\"f4307d3\" data-element_type=\"widget\" data-e-type=\"widget\" id=\"item2\" data-settings=\"{&quot;_ob_perspektive_use&quot;:&quot;no&quot;,&quot;_ob_poopart_use&quot;:&quot;yes&quot;,&quot;_ob_shadough_use&quot;:&quot;no&quot;,&quot;_ob_allow_hoveranimator&quot;:&quot;no&quot;,&quot;_ob_widget_stalker_use&quot;:&quot;no&quot;}\" data-widget_type=\"icon-list.default\">\n\t\t\t\t<div class=\"elementor-widget-container\">\n\t\t\t\t\t\t\t<ul class=\"elementor-icon-list-items\">\n\t\t\t\t\t\t\t<li class=\"elementor-icon-list-item\">\n\t\t\t\t\t\t\t\t\t\t\t<span class=\"elementor-icon-list-icon\">\n\t\t\t\t\t\t\t<i aria-hidden=\"true\" class=\"far fa-check-circle\"><\/i>\t\t\t\t\t\t<\/span>\n\t\t\t\t\t\t\t\t\t\t<span class=\"elementor-icon-list-text\">Produisez en multicanal<\/span>\n\t\t\t\t\t\t\t\t\t<\/li>\n\t\t\t\t\t\t<\/ul>\n\t\t\t\t\t\t<\/div>\n\t\t\t\t<\/div>\n\t\t\t\t<div class=\"elementor-element elementor-element-0d2a320 icon_etape elementor-icon-list--layout-traditional elementor-list-item-link-full_width ob-has-background-overlay elementor-widget elementor-widget-icon-list\" data-id=\"0d2a320\" data-element_type=\"widget\" data-e-type=\"widget\" id=\"item3\" data-settings=\"{&quot;_ob_perspektive_use&quot;:&quot;no&quot;,&quot;_ob_poopart_use&quot;:&quot;yes&quot;,&quot;_ob_shadough_use&quot;:&quot;no&quot;,&quot;_ob_allow_hoveranimator&quot;:&quot;no&quot;,&quot;_ob_widget_stalker_use&quot;:&quot;no&quot;}\" data-widget_type=\"icon-list.default\">\n\t\t\t\t<div class=\"elementor-widget-container\">\n\t\t\t\t\t\t\t<ul class=\"elementor-icon-list-items\">\n\t\t\t\t\t\t\t<li class=\"elementor-icon-list-item\">\n\t\t\t\t\t\t\t\t\t\t\t<span class=\"elementor-icon-list-icon\">\n\t\t\t\t\t\t\t<i aria-hidden=\"true\" class=\"far fa-check-circle\"><\/i>\t\t\t\t\t\t<\/span>\n\t\t\t\t\t\t\t\t\t\t<span class=\"elementor-icon-list-text\">Rejoignez la communaut\u00e9 SWYP<\/span>\n\t\t\t\t\t\t\t\t\t<\/li>\n\t\t\t\t\t\t<\/ul>\n\t\t\t\t\t\t<\/div>\n\t\t\t\t<\/div>\n\t\t\t\t\t<\/div>\n\t\t<\/div>\n\t\t\t\t<div class=\"elementor-column elementor-col-50 elementor-top-column elementor-element elementor-element-5b05f54 elementor-invisible\" data-id=\"5b05f54\" data-element_type=\"column\" data-e-type=\"column\" data-settings=\"{&quot;animation&quot;:&quot;fadeInRight&quot;,&quot;_ob_bbad_is_stalker&quot;:&quot;no&quot;,&quot;_ob_teleporter_use&quot;:false,&quot;_ob_column_hoveranimator&quot;:&quot;no&quot;,&quot;_ob_column_has_pseudo&quot;:&quot;no&quot;}\">\n\t\t\t<div class=\"elementor-widget-wrap elementor-element-populated\">\n\t\t\t\t\t\t<div class=\"elementor-element elementor-element-033d865 ob-has-background-overlay elementor-widget elementor-widget-html\" data-id=\"033d865\" data-element_type=\"widget\" data-e-type=\"widget\" data-settings=\"{&quot;_ob_perspektive_use&quot;:&quot;no&quot;,&quot;_ob_poopart_use&quot;:&quot;yes&quot;,&quot;_ob_shadough_use&quot;:&quot;no&quot;,&quot;_ob_allow_hoveranimator&quot;:&quot;no&quot;,&quot;_ob_widget_stalker_use&quot;:&quot;no&quot;}\" data-widget_type=\"html.default\">\n\t\t\t\t<div class=\"elementor-widget-container\">\n\t\t\t\t\t<div class=\"dots_custom\">\n<div class=\"dot1 dot\"><\/div> \n<div class=\"dot2 dot\"><\/div>\n<div class=\"dot3 dot\"><\/div> \n<\/div>\t\t\t\t<\/div>\n\t\t\t\t<\/div>\n\t\t\t\t<section class=\"ob-is-breaking-bad ob-bb-inner elementor-section elementor-inner-section elementor-element elementor-element-d7f7380 slideshow_custom elementor-section-boxed elementor-section-height-default elementor-section-height-default\" data-id=\"d7f7380\" data-element_type=\"section\" data-e-type=\"section\" data-settings=\"{&quot;_ob_bbad_use_it&quot;:&quot;yes&quot;,&quot;_ob_bbad_sssic_use&quot;:&quot;no&quot;,&quot;_ob_glider_is_slider&quot;:&quot;no&quot;}\">\n\t\t\t\t\t\t<div class=\"elementor-container elementor-column-gap-default\">\n\t\t\t\t\t<div class=\"elementor-column elementor-col-100 elementor-inner-column elementor-element elementor-element-9442264\" data-id=\"9442264\" data-element_type=\"column\" data-e-type=\"column\" data-settings=\"{&quot;_ob_bbad_is_stalker&quot;:&quot;no&quot;,&quot;_ob_teleporter_use&quot;:false,&quot;_ob_column_hoveranimator&quot;:&quot;no&quot;,&quot;_ob_column_has_pseudo&quot;:&quot;no&quot;}\">\n\t\t\t<div class=\"elementor-widget-wrap elementor-element-populated\">\n\t\t\t\t\t\t<div class=\"elementor-element elementor-element-3fb45be slide_special ob-has-background-overlay elementor-widget elementor-widget-lottie\" data-id=\"3fb45be\" data-element_type=\"widget\" data-e-type=\"widget\" id=\"slide_special1\" data-settings=\"{&quot;_ob_perspektive_use&quot;:&quot;no&quot;,&quot;_ob_poopart_use&quot;:&quot;yes&quot;,&quot;_ob_shadough_use&quot;:&quot;no&quot;,&quot;_ob_allow_hoveranimator&quot;:&quot;no&quot;,&quot;_ob_widget_stalker_use&quot;:&quot;no&quot;}\" data-widget_type=\"lottie.default\">\n\t\t\t\t<div class=\"elementor-widget-container\">\n\t\t\t\t\t \t\t\t\t<\/div>\n\t\t\t\t<\/div>\n\t\t\t\t<div class=\"elementor-element elementor-element-b921423 slide_special ob-has-background-overlay elementor-widget elementor-widget-lottie\" data-id=\"b921423\" data-element_type=\"widget\" data-e-type=\"widget\" id=\"slide_special2\" data-settings=\"{&quot;_ob_perspektive_use&quot;:&quot;no&quot;,&quot;_ob_poopart_use&quot;:&quot;yes&quot;,&quot;_ob_shadough_use&quot;:&quot;no&quot;,&quot;_ob_allow_hoveranimator&quot;:&quot;no&quot;,&quot;_ob_widget_stalker_use&quot;:&quot;no&quot;}\" data-widget_type=\"lottie.default\">\n\t\t\t\t<div class=\"elementor-widget-container\">\n\t\t\t\t\t \t\t\t\t<\/div>\n\t\t\t\t<\/div>\n\t\t\t\t<div class=\"elementor-element elementor-element-a74304d slide_special ob-has-background-overlay elementor-widget elementor-widget-lottie\" data-id=\"a74304d\" data-element_type=\"widget\" data-e-type=\"widget\" id=\"slide_special3\" data-settings=\"{&quot;_ob_perspektive_use&quot;:&quot;no&quot;,&quot;_ob_poopart_use&quot;:&quot;yes&quot;,&quot;_ob_shadough_use&quot;:&quot;no&quot;,&quot;_ob_allow_hoveranimator&quot;:&quot;no&quot;,&quot;_ob_widget_stalker_use&quot;:&quot;no&quot;}\" data-widget_type=\"lottie.default\">\n\t\t\t\t<div class=\"elementor-widget-container\">\n\t\t\t\t\t \t\t\t\t<\/div>\n\t\t\t\t<\/div>\n\t\t\t\t\t<\/div>\n\t\t<\/div>\n\t\t\t\t\t<\/div>\n\t\t<\/section>\n\t\t\t\t\t<\/div>\n\t\t<\/div>\n\t\t\t\t\t<\/div>\n\t\t<\/section>\n\t\t\t\t<\/div>\n\t\t","protected":false},"excerpt":{"rendered":"<p>English title Vous \u00eates \u00e9diteur dans la presse, la communication, l\u2019\u00e9dition\u2026 SWYP est la solution pour vous. Optimisez votre production Produisez en multicanal Rejoignez la communaut\u00e9 SWYP<\/p>\n","protected":false},"author":1,"featured_media":0,"parent":0,"menu_order":0,"comment_status":"closed","ping_status":"closed","template":"","meta":{"om_disable_all_campaigns":false,"_monsterinsights_skip_tracking":false,"_monsterinsights_sitenote_active":false,"_monsterinsights_sitenote_note":"","_monsterinsights_sitenote_category":0,"footnotes":""},"class_list":["post-1894","page","type-page","status-publish","hentry"],"yoast_head":"<!-- This site is optimized with the Yoast SEO plugin v27.2 - https:\/\/yoast.com\/product\/yoast-seo-wordpress\/ -->\n<title>Home - SWYP<\/title>\n<meta name=\"robots\" content=\"index, follow, max-snippet:-1, max-image-preview:large, max-video-preview:-1\" \/>\n<link rel=\"canonical\" href=\"https:\/\/community.swyp.fr\/index.php\/en\/home\/\" \/>\n<meta property=\"og:locale\" content=\"fr_FR\" \/>\n<meta property=\"og:type\" content=\"article\" \/>\n<meta property=\"og:title\" content=\"Home - SWYP\" \/>\n<meta property=\"og:description\" content=\"English title Vous \u00eates \u00e9diteur dans la presse, la communication, l\u2019\u00e9dition\u2026 SWYP est la solution pour vous. Optimisez votre production Produisez en multicanal Rejoignez la communaut\u00e9 SWYP\" \/>\n<meta property=\"og:url\" content=\"https:\/\/community.swyp.fr\/index.php\/en\/home\/\" \/>\n<meta property=\"og:site_name\" content=\"SWYP\" \/>\n<meta property=\"article:modified_time\" content=\"2021-09-06T11:54:51+00:00\" \/>\n<meta name=\"twitter:card\" content=\"summary_large_image\" \/>\n<script type=\"application\/ld+json\" class=\"yoast-schema-graph\">{\"@context\":\"https:\/\/schema.org\",\"@graph\":[{\"@type\":\"WebPage\",\"@id\":\"https:\/\/community.swyp.fr\/index.php\/en\/home\/\",\"url\":\"https:\/\/community.swyp.fr\/index.php\/en\/home\/\",\"name\":\"Home - SWYP\",\"isPartOf\":{\"@id\":\"https:\/\/community.swyp.fr\/#website\"},\"datePublished\":\"2021-09-02T11:49:08+00:00\",\"dateModified\":\"2021-09-06T11:54:51+00:00\",\"breadcrumb\":{\"@id\":\"https:\/\/community.swyp.fr\/index.php\/en\/home\/#breadcrumb\"},\"inLanguage\":\"fr-FR\",\"potentialAction\":[{\"@type\":\"ReadAction\",\"target\":[\"https:\/\/community.swyp.fr\/index.php\/en\/home\/\"]}]},{\"@type\":\"BreadcrumbList\",\"@id\":\"https:\/\/community.swyp.fr\/index.php\/en\/home\/#breadcrumb\",\"itemListElement\":[{\"@type\":\"ListItem\",\"position\":1,\"name\":\"Accueil\",\"item\":\"https:\/\/community.swyp.fr\/\"},{\"@type\":\"ListItem\",\"position\":2,\"name\":\"Home\"}]},{\"@type\":\"WebSite\",\"@id\":\"https:\/\/community.swyp.fr\/#website\",\"url\":\"https:\/\/community.swyp.fr\/\",\"name\":\"SWYP\",\"description\":\"Leader fran\u00e7ais du syst\u00e8me \u00e9ditorial multi-canal en mode SAAS\",\"potentialAction\":[{\"@type\":\"SearchAction\",\"target\":{\"@type\":\"EntryPoint\",\"urlTemplate\":\"https:\/\/community.swyp.fr\/?s={search_term_string}\"},\"query-input\":{\"@type\":\"PropertyValueSpecification\",\"valueRequired\":true,\"valueName\":\"search_term_string\"}}],\"inLanguage\":\"fr-FR\"}]}<\/script>\n<!-- \/ Yoast SEO plugin. -->","yoast_head_json":{"title":"Home - SWYP","robots":{"index":"index","follow":"follow","max-snippet":"max-snippet:-1","max-image-preview":"max-image-preview:large","max-video-preview":"max-video-preview:-1"},"canonical":"https:\/\/community.swyp.fr\/index.php\/en\/home\/","og_locale":"fr_FR","og_type":"article","og_title":"Home - SWYP","og_description":"English title Vous \u00eates \u00e9diteur dans la presse, la communication, l\u2019\u00e9dition\u2026 SWYP est la solution pour vous. Optimisez votre production Produisez en multicanal Rejoignez la communaut\u00e9 SWYP","og_url":"https:\/\/community.swyp.fr\/index.php\/en\/home\/","og_site_name":"SWYP","article_modified_time":"2021-09-06T11:54:51+00:00","twitter_card":"summary_large_image","schema":{"@context":"https:\/\/schema.org","@graph":[{"@type":"WebPage","@id":"https:\/\/community.swyp.fr\/index.php\/en\/home\/","url":"https:\/\/community.swyp.fr\/index.php\/en\/home\/","name":"Home - SWYP","isPartOf":{"@id":"https:\/\/community.swyp.fr\/#website"},"datePublished":"2021-09-02T11:49:08+00:00","dateModified":"2021-09-06T11:54:51+00:00","breadcrumb":{"@id":"https:\/\/community.swyp.fr\/index.php\/en\/home\/#breadcrumb"},"inLanguage":"fr-FR","potentialAction":[{"@type":"ReadAction","target":["https:\/\/community.swyp.fr\/index.php\/en\/home\/"]}]},{"@type":"BreadcrumbList","@id":"https:\/\/community.swyp.fr\/index.php\/en\/home\/#breadcrumb","itemListElement":[{"@type":"ListItem","position":1,"name":"Accueil","item":"https:\/\/community.swyp.fr\/"},{"@type":"ListItem","position":2,"name":"Home"}]},{"@type":"WebSite","@id":"https:\/\/community.swyp.fr\/#website","url":"https:\/\/community.swyp.fr\/","name":"SWYP","description":"Leader fran\u00e7ais du syst\u00e8me \u00e9ditorial multi-canal en mode SAAS","potentialAction":[{"@type":"SearchAction","target":{"@type":"EntryPoint","urlTemplate":"https:\/\/community.swyp.fr\/?s={search_term_string}"},"query-input":{"@type":"PropertyValueSpecification","valueRequired":true,"valueName":"search_term_string"}}],"inLanguage":"fr-FR"}]}},"_links":{"self":[{"href":"https:\/\/community.swyp.fr\/index.php\/wp-json\/wp\/v2\/pages\/1894","targetHints":{"allow":["GET"]}}],"collection":[{"href":"https:\/\/community.swyp.fr\/index.php\/wp-json\/wp\/v2\/pages"}],"about":[{"href":"https:\/\/community.swyp.fr\/index.php\/wp-json\/wp\/v2\/types\/page"}],"author":[{"embeddable":true,"href":"https:\/\/community.swyp.fr\/index.php\/wp-json\/wp\/v2\/users\/1"}],"replies":[{"embeddable":true,"href":"https:\/\/community.swyp.fr\/index.php\/wp-json\/wp\/v2\/comments?post=1894"}],"version-history":[{"count":7,"href":"https:\/\/community.swyp.fr\/index.php\/wp-json\/wp\/v2\/pages\/1894\/revisions"}],"predecessor-version":[{"id":2324,"href":"https:\/\/community.swyp.fr\/index.php\/wp-json\/wp\/v2\/pages\/1894\/revisions\/2324"}],"wp:attachment":[{"href":"https:\/\/community.swyp.fr\/index.php\/wp-json\/wp\/v2\/media?parent=1894"}],"curies":[{"name":"wp","href":"https:\/\/api.w.org\/{rel}","templated":true}]}}